{"id":436,"date":"2024-06-19T16:46:37","date_gmt":"2024-06-19T20:46:37","guid":{"rendered":"https:\/\/westislanddragons.ca\/fr\/?page_id=436"},"modified":"2024-06-21T12:29:55","modified_gmt":"2024-06-21T16:29:55","slug":"rejoignez-nous","status":"publish","type":"page","link":"https:\/\/westislanddragons.ca\/fr\/rejoignez-nous\/","title":{"rendered":"Rejoignez-nous"},"content":{"rendered":"<div class=\"wpb-content-wrapper\"><p>[vc_section css=&#8221;.vc_custom_1718986206675{padding-bottom: 35px !important;}&#8221;][vc_row full_width=&#8221;stretch_row&#8221; css=&#8221;.vc_custom_1718131792158{padding-top: 30px !important;padding-bottom: 30px !important;}&#8221;][vc_column][vc_custom_heading text=&#8221;Vous cherchez \u00e0 retrouver une vie normale apr\u00e8s un traitement contre le cancer du sein ?&#8221; font_container=&#8221;tag:h1|text_align:center|color:%23fa255e&#8221; google_fonts=&#8221;font_family:Roboto%3A100%2C100italic%2C300%2C300italic%2Cregular%2Citalic%2C500%2C500italic%2C700%2C700italic%2C900%2C900italic|font_style:500%20bold%20regular%3A500%3Anormal&#8221; css=&#8221;&#8221;][vc_empty_space][vc_custom_heading text=&#8221;REJOINGNEZ-NOUS !&#8221; font_container=&#8221;tag:h1|text_align:center|color:%23fa255e&#8221; google_fonts=&#8221;font_family:Roboto%3A100%2C100italic%2C300%2C300italic%2Cregular%2Citalic%2C500%2C500italic%2C700%2C700italic%2C900%2C900italic|font_style:900%20bold%20regular%3A900%3Anormal&#8221; css_animation=&#8221;fadeInRight&#8221; css=&#8221;&#8221;][\/vc_column][\/vc_row][vc_row css=&#8221;.vc_custom_1718133645478{padding-right: 30px !important;padding-left: 30px !important;background-color: #f1ced4 !important;}&#8221;][vc_column][vc_row_inner css=&#8221;.vc_custom_1718564639567{padding-right: 30px !important;padding-bottom: 30px !important;padding-left: 30px !important;}&#8221;][vc_column_inner width=&#8221;1\/2&#8243;][vc_custom_heading text=&#8221;Rejoignez-nous dans ce parcours vers le bien-\u00eatre et l&#8217;am\u00e9lioration de la vie apr\u00e8s un cancer du sein !&#8221; font_container=&#8221;tag:h3|text_align:center&#8221; google_fonts=&#8221;font_family:Roboto%3A100%2C100italic%2C300%2C300italic%2Cregular%2Citalic%2C500%2C500italic%2C700%2C700italic%2C900%2C900italic|font_style:400%20regular%3A400%3Anormal&#8221; css_animation=&#8221;none&#8221; css=&#8221;.vc_custom_1718133008687{padding-bottom: 20px !important;}&#8221;][vc_column_text css=&#8221;&#8221;]<\/p>\n<p style=\"text-align: center;\">Nous sommes une \u00e9quipe de course de bateaux-dragons compos\u00e9e de femmes fortes et r\u00e9silientes, de survivantes du cancer du sein et de battantes, o\u00f9 nous nous soutenons les unes les autres et c\u00e9l\u00e9brons la survie \u00e0 travers le sport du bateau-dragon.<\/p>\n<p>[\/vc_column_text][vc_column_text css=&#8221;&#8221;]<\/p>\n<h4 style=\"text-align: center;\"><strong>\u00b7 Les essais sont ouverts toute l&#8217;ann\u00e9e<br \/>\n<\/strong><strong>\u00b7 Aucune exp\u00e9rience n&#8217;est n\u00e9cessaire<br \/>\n<\/strong><strong>\u00b7 Tous niveaux de forme physique accept\u00e9s<br \/>\n<\/strong><strong>\u00b7 Amenez une amie !<\/strong><\/h4>\n<p>[\/vc_column_text][\/vc_column_inner][vc_column_inner width=&#8221;1\/4&#8243;][vc_single_image image=&#8221;440&#8243; img_size=&#8221;medium&#8221; alignment=&#8221;center&#8221; style=&#8221;vc_box_outline&#8221; border_color=&#8221;black&#8221; css=&#8221;&#8221;][vc_single_image image=&#8221;439&#8243; img_size=&#8221;medium&#8221; alignment=&#8221;center&#8221; style=&#8221;vc_box_outline&#8221; border_color=&#8221;black&#8221; css=&#8221;&#8221;][\/vc_column_inner][vc_column_inner width=&#8221;1\/4&#8243;][vc_single_image image=&#8221;437&#8243; img_size=&#8221;medium&#8221; alignment=&#8221;center&#8221; style=&#8221;vc_box_outline&#8221; border_color=&#8221;black&#8221; css=&#8221;&#8221;][vc_single_image image=&#8221;438&#8243; img_size=&#8221;medium&#8221; alignment=&#8221;center&#8221; style=&#8221;vc_box_outline&#8221; border_color=&#8221;black&#8221; css=&#8221;&#8221;][\/vc_column_inner][\/vc_row_inner][vc_row_inner css=&#8221;.vc_custom_1718133706685{padding-bottom: 35px !important;}&#8221;][vc_column_inner width=&#8221;1\/3&#8243;][\/vc_column_inner][vc_column_inner width=&#8221;1\/3&#8243;][highlight_box height=&#8221;40&#8243; url=&#8221;url:https%3A%2F%2Fwestislanddragons.ca%2Ffr%2Fcontactez-nous%2F&#8221; textsize=&#8221;&#8221; iconsize=&#8221;&#8221; transform=&#8221;normal&#8221; google_fonts=&#8221;font_family:Roboto%3A100%2C100italic%2C300%2C300italic%2Cregular%2Citalic%2C500%2C500italic%2C700%2C700italic%2C900%2C900italic|font_style:400%20regular%3A400%3Anormal&#8221; icon=&#8221;fas fa-arrow-down&#8221; text=&#8221;JE FAIS UN ESSAI&#8221; clr=&#8221;#ffffff&#8221; bgclr=&#8221;#00759c&#8221; hoverbg=&#8221;#f173ac&#8221; btn_radius=&#8221;5&#8243;][\/vc_column_inner][vc_column_inner width=&#8221;1\/3&#8243;][\/vc_column_inner][\/vc_row_inner][\/vc_column][\/vc_row][\/vc_section][vc_section full_width=&#8221;stretch_row&#8221; css=&#8221;.vc_custom_1718986225615{padding-top: 35px !important;}&#8221;][vc_row][vc_column][vc_custom_heading text=&#8221;Calendrier d&#8217;entra\u00eenement&#8221; font_container=&#8221;tag:h1|text_align:center|color:%23fa255e&#8221; google_fonts=&#8221;font_family:Lora%3Aregular%2Citalic%2C700%2C700italic|font_style:700%20bold%20regular%3A700%3Anormal&#8221; css=&#8221;&#8221;][vc_separator el_width=&#8221;60&#8243; css=&#8221;.vc_custom_1718986185478{margin-bottom: 0px !important;padding-bottom: 35px !important;}&#8221;][\/vc_column][\/vc_row][vc_row gap=&#8221;30&#8243; equal_height=&#8221;yes&#8221;][vc_column width=&#8221;1\/2&#8243;][vc_headings style=&#8221;theme5&#8243; borderclr=&#8221;#000000&#8243; title=&#8221;Programme \u00e9t\u00e9&#8221; align=&#8221;left&#8221; google_fonts=&#8221;font_family:Lora%3Aregular%2Citalic%2C700%2C700italic|font_style:400%20regular%3A400%3Anormal&#8221; transform=&#8221;uppercase&#8221; titleclr=&#8221;#000000&#8243; icon=&#8221;fas fa-cloud-sun-rain&#8221; iconclr=&#8221;#8224e3&#8243;][\/vc_headings][vc_row_inner css=&#8221;.vc_custom_1718986568830{padding-top: 35px !important;}&#8221;][vc_column_inner][vc_column_text css=&#8221;&#8221;](mai-septembre)[\/vc_column_text][vc_column_text css=&#8221;&#8221;]<strong>Jours<\/strong> : mardi et jeudi<br \/>\n<strong>Heure<\/strong> : de 18h30 \u00e0 19h30<br \/>\n(arriver 15 min \u00e0 l&#8217;avance)[\/vc_column_text][vc_column_text css=&#8221;&#8221;]<strong>CENTRE NAUTIQUE BAIE-DE-VALOIS<\/strong><br \/>\n90 Chem. du Bord-du-Lac-Lakeshore<br \/>\nPointe-Claire (Quebec)<br \/>\nH9S 4H7[\/vc_column_text][vc_separator color=&#8221;blue&#8221; css=&#8221;&#8221;][vc_gmaps link=&#8221;#E-8_JTNDaWZyYW1lJTIwc3JjJTNEJTIyaHR0cHMlM0ElMkYlMkZ3d3cuZ29vZ2xlLmNvbSUyRm1hcHMlMkZlbWJlZCUzRnBiJTNEJTIxMW0xOCUyMTFtMTIlMjExbTMlMjExZDI3OTkuMjQwOTgxMDcwNjYxNyUyMTJkLTczLjgwMTIzMzIyMzM3MDg5JTIxM2Q0NS40NDQ3OTk4MzQ3MzI0NCUyMTJtMyUyMTFmMCUyMTJmMCUyMTNmMCUyMTNtMiUyMTFpMTAyNCUyMTJpNzY4JTIxNGYxMy4xJTIxM20zJTIxMW0yJTIxMXMweDRjYzkzZDA3ZWFkNjI4YTUlMjUzQTB4MzUyMDBiZTBmNWQyYmVmMyUyMTJzUG9pbnRlLSUyNTIwQ2xhaXJlJTI1MjBOYXV0aWNhbCUyNTIwQ2VudGVyJTIxNWUwJTIxM20yJTIxMXNlbiUyMTJzY2ElMjE0djE3MTg5ODY4MzkyNjclMjE1bTIlMjExc2VuJTIxMnNjYSUyMiUyMHdpZHRoJTNEJTIyNjAwJTIyJTIwaGVpZ2h0JTNEJTIyNDUwJTIyJTIwc3R5bGUlM0QlMjJib3JkZXIlM0EwJTNCJTIyJTIwYWxsb3dmdWxsc2NyZWVuJTNEJTIyJTIyJTIwbG9hZGluZyUzRCUyMmxhenklMjIlMjByZWZlcnJlcnBvbGljeSUzRCUyMm5vLXJlZmVycmVyLXdoZW4tZG93bmdyYWRlJTIyJTNFJTNDJTJGaWZyYW1lJTNF&#8221; size=&#8221;&#8221; css=&#8221;&#8221;][\/vc_column_inner][\/vc_row_inner][\/vc_column][vc_column width=&#8221;1\/2&#8243;][vc_headings style=&#8221;theme5&#8243; borderclr=&#8221;#000000&#8243; title=&#8221;Programme hiver&#8221; align=&#8221;left&#8221; google_fonts=&#8221;font_family:Lora%3Aregular%2Citalic%2C700%2C700italic|font_style:400%20regular%3A400%3Anormal&#8221; transform=&#8221;uppercase&#8221; titleclr=&#8221;#000000&#8243; icon=&#8221;fas fa-snowflake&#8221; iconclr=&#8221;#8224e3&#8243;][\/vc_headings][vc_row_inner css=&#8221;.vc_custom_1718986574847{padding-top: 35px !important;}&#8221;][vc_column_inner][vc_column_text css=&#8221;&#8221;](octobre-avril)[\/vc_column_text][vc_column_text css=&#8221;&#8221;]<strong>Jour<\/strong>\u00a0: dimanche<br \/>\n<strong>Heure<\/strong> : de 10h \u00e0 11h00<br \/>\n(arriver 15 min \u00e0 l&#8217;avance)[\/vc_column_text][vc_column_text css=&#8221;&#8221;]<strong>22DRAGONS CLUB<\/strong><br \/>\n5524 Rue Saint-Patrick<br \/>\n#150, Montreal (Quebec)<br \/>\nH4E 1A8[\/vc_column_text][vc_separator color=&#8221;blue&#8221; css=&#8221;&#8221;][vc_gmaps link=&#8221;#E-8_JTNDaWZyYW1lJTIwc3JjJTNEJTIyaHR0cHMlM0ElMkYlMkZ3d3cuZ29vZ2xlLmNvbSUyRm1hcHMlMkZlbWJlZCUzRnBiJTNEJTIxMW0xOCUyMTFtMTIlMjExbTMlMjExZDI3OTguMjk3OTc4NTI1MTY5JTIxMmQtNzMuNTk5MDU3ODIzMzcwMTIlMjEzZDQ1LjQ2MzgwMTAzMzQ2NDg1JTIxMm0zJTIxMWYwJTIxMmYwJTIxM2YwJTIxM20yJTIxMWkxMDI0JTIxMmk3NjglMjE0ZjEzLjElMjEzbTMlMjExbTIlMjExczB4NGNjOTEwOTM3ZDY2NWMxMSUyNTNBMHhiYWFlMjVhYjE1YjZkMDZlJTIxMnMyMkRyYWdvbnMlMjE1ZTAlMjEzbTIlMjExc2VuJTIxMnNjYSUyMTR2MTcxODk4Njk1Mjg3MiUyMTVtMiUyMTFzZW4lMjEyc2NhJTIyJTIwd2lkdGglM0QlMjI2MDAlMjIlMjBoZWlnaHQlM0QlMjI0NTAlMjIlMjBzdHlsZSUzRCUyMmJvcmRlciUzQTAlM0IlMjIlMjBhbGxvd2Z1bGxzY3JlZW4lM0QlMjIlMjIlMjBsb2FkaW5nJTNEJTIybGF6eSUyMiUyMHJlZmVycmVycG9saWN5JTNEJTIybm8tcmVmZXJyZXItd2hlbi1kb3duZ3JhZGUlMjIlM0UlM0MlMkZpZnJhbWUlM0U=&#8221; size=&#8221;&#8221; css=&#8221;&#8221;][\/vc_column_inner][\/vc_row_inner][\/vc_column][\/vc_row][\/vc_section]<\/p>\n<\/div>","protected":false},"excerpt":{"rendered":"<p>[vc_section css=&#8221;.vc_custom_1718986206675{padding-bottom: 35px !important;}&#8221;][vc_row full_width=&#8221;stretch_row&#8221; css=&#8221;.vc_custom_1718131792158{padding-top: 30px !important;padding-bottom: 30px !important;}&#8221;][vc_column][vc_custom_heading text=&#8221;Vous cherchez \u00e0 retrouver une vie normale apr\u00e8s un traitement contre le cancer du sein &#8230; <a title=\"Rejoignez-nous\" class=\"read-more\" href=\"https:\/\/westislanddragons.ca\/fr\/rejoignez-nous\/\" aria-label=\"Read more about Rejoignez-nous\"> <\/a><\/p>\n","protected":false},"author":2,"featured_media":0,"parent":0,"menu_order":2,"comment_status":"closed","ping_status":"closed","template":"","meta":{"inline_featured_image":false,"footnotes":""},"class_list":["post-436","page","type-page","status-publish"],"_links":{"self":[{"href":"https:\/\/westislanddragons.ca\/fr\/wp-json\/wp\/v2\/pages\/436","targetHints":{"allow":["GET"]}}],"collection":[{"href":"https:\/\/westislanddragons.ca\/fr\/wp-json\/wp\/v2\/pages"}],"about":[{"href":"https:\/\/westislanddragons.ca\/fr\/wp-json\/wp\/v2\/types\/page"}],"author":[{"embeddable":true,"href":"https:\/\/westislanddragons.ca\/fr\/wp-json\/wp\/v2\/users\/2"}],"replies":[{"embeddable":true,"href":"https:\/\/westislanddragons.ca\/fr\/wp-json\/wp\/v2\/comments?post=436"}],"version-history":[{"count":31,"href":"https:\/\/westislanddragons.ca\/fr\/wp-json\/wp\/v2\/pages\/436\/revisions"}],"predecessor-version":[{"id":858,"href":"https:\/\/westislanddragons.ca\/fr\/wp-json\/wp\/v2\/pages\/436\/revisions\/858"}],"wp:attachment":[{"href":"https:\/\/westislanddragons.ca\/fr\/wp-json\/wp\/v2\/media?parent=436"}],"curies":[{"name":"wp","href":"https:\/\/api.w.org\/{rel}","templated":true}]}}