{"id":469,"date":"2024-06-19T16:47:16","date_gmt":"2024-06-19T20:47:16","guid":{"rendered":"https:\/\/westislanddragons.ca\/fr\/?page_id=469"},"modified":"2026-02-24T12:18:20","modified_gmt":"2026-02-24T17:18:20","slug":"dons-et-partenariats","status":"publish","type":"page","link":"https:\/\/westislanddragons.ca\/fr\/dons-et-partenariats\/","title":{"rendered":"Partenariats"},"content":{"rendered":"<div class=\"wpb-content-wrapper\"><p>[vc_section][vc_row css=&#8221;.vc_custom_1718904326349{padding-top: 45px !important;padding-bottom: 30px !important;}&#8221; el_id=&#8221;nos-partenaires&#8221;][vc_column][vc_custom_heading text=&#8221;Nos partenaires&#8221; font_container=&#8221;tag:h1|text_align:center|color:%23fa255e&#8221; google_fonts=&#8221;font_family:Lora%3Aregular%2Citalic%2C700%2C700italic|font_style:700%20bold%20regular%3A700%3Anormal&#8221; css=&#8221;.vc_custom_1718566580367{padding-bottom: 35px !important;}&#8221;][\/vc_column][\/vc_row][vc_row gap=&#8221;35&#8243; css=&#8221;.vc_custom_1718726541035{padding-right: 15px !important;padding-left: 15px !important;background-color: #f1ced4 !important;}&#8221;][vc_column width=&#8221;2\/3&#8243; css=&#8221;.vc_custom_1718726558799{margin-top: 35px !important;background-color: #ffffff !important;}&#8221;][mvc_infobox link=&#8221;link_box&#8221; title_color=&#8221;#000000&#8243; image_id=&#8221;1015&#8243; image_size=&#8221;300&#8243; btn_url=&#8221;url:https%3A%2F%2Frubanrose.org%2Fen%2F|target:_blank&#8221; css=&#8221;.vc_custom_1733780490617{padding-top: 50px !important;padding-right: 15px !important;padding-left: 15px !important;background-color: #ffffff !important;}&#8221;]<\/p>\n<h6><\/h6>\n<h6 style=\"text-align: center;\">Notre plus grand partenaire, la <strong>Fondation du cancer du sein du Qu\u00e9bec<\/strong>, nous soutient depuis 2011. Nous sommes fiers de nous associer \u00e0 leur mission, \u00e0 leurs valeurs et \u00e0 leur vision.<\/h6>\n<p>[\/mvc_infobox][vc_empty_space][\/vc_column][vc_column width=&#8221;1\/3&#8243;][vc_custom_heading text=&#8221;MERCI!&#8221; google_fonts=&#8221;font_family:Lora%3Aregular%2Citalic%2C700%2C700italic|font_style:400%20regular%3A400%3Anormal&#8221; css=&#8221;&#8221;][vc_column_text css=&#8221;.vc_custom_1718830330916{margin-bottom: 0px !important;}&#8221;]<strong>L&#8217;appui de nos g\u00e9n\u00e9reux sponsors <\/strong>permettent aux survivantes et aux battantes de se remettre en forme apr\u00e8s un traitement contre le cancer du sein et de vivre une vie qui vaut la peine d&#8217;\u00eatre vecue.<\/p>\n<p>Vos contributions mon\u00e9taires servent \u00e0 financer l&#8217;entra\u00eenement, les installations d&#8217;entra\u00eenement, les festivals locaux, les uniformes et bien d&#8217;autres choses. Gr\u00e2ce \u00e0 votre aide, nous pouvons partager notre mission avec le monde entier.[\/vc_column_text][\/vc_column][\/vc_row][vc_row gap=&#8221;35&#8243; css=&#8221;.vc_custom_1718730703827{padding-right: 15px !important;padding-left: 15px !important;background-color: #f1ced4 !important;}&#8221;][vc_column css=&#8221;.vc_custom_1718730693828{padding-top: 0px !important;padding-bottom: 0px !important;}&#8221;][vc_btn title=&#8221;SPONSORISEZ LES DRAGONS&#8221; style=&#8221;flat&#8221; color=&#8221;juicy-pink&#8221; align=&#8221;center&#8221; i_icon_fontawesome=&#8221;fas fa-heart&#8221; css=&#8221;.vc_custom_1719270596572{margin-top: 0px !important;margin-bottom: 35px !important;padding-top: 0px !important;padding-right: 150px !important;padding-bottom: 0px !important;padding-left: 150px !important;border-radius: 5px !important;}&#8221; add_icon=&#8221;true&#8221; link=&#8221;url:mailto%3Awestislanddragons1%40gmail.com&#8221;][vc_column_text css=&#8221;.vc_custom_1718726792740{margin-bottom: 0px !important;}&#8221;]<\/p>\n<p style=\"text-align: center;\">Si vous souhaitez discuter d&#8217;un parrainage, nous serions ravis de vous en informer. Veuillez nous envoyer un courriel pour obtenir des informations.<\/p>\n<p>[\/vc_column_text][\/vc_column][\/vc_row][vc_row][vc_column][tm_carousel_father slide_visible=&#8221;5&#8243; tabs=&#8221;2&#8243; slide_visible_mbl=&#8221;2&#8243; arrowclr=&#8221;#000000&#8243; dotclr=&#8221;#000000&#8243;][tm_carousel_son titlesize=&#8221;16&#8243; line_height=&#8221;1.7&#8243; contain_url=&#8221;url:https%3A%2F%2Fwww.boutiqueabc.ca%2F|target:_blank&#8221; image_id=&#8221;477&#8243; titleclr=&#8221;#000000&#8243;][\/tm_carousel_son][tm_carousel_son titlesize=&#8221;16&#8243; line_height=&#8221;1.7&#8243; contain_url=&#8221;url:https%3A%2F%2Fmontcorr.com%2F|target:_blank&#8221; image_id=&#8221;1039&#8243; titleclr=&#8221;#000000&#8243;][\/tm_carousel_son][tm_carousel_son titlesize=&#8221;16&#8243; line_height=&#8221;1.7&#8243; contain_url=&#8221;url:https%3A%2F%2Fanitawoman.com%2F|target:_blank&#8221; image_id=&#8221;207&#8243; titleclr=&#8221;#000000&#8243;][\/tm_carousel_son][tm_carousel_son titlesize=&#8221;16&#8243; line_height=&#8221;1.7&#8243; contain_url=&#8221;url:https%3A%2F%2Fpcot.ca%2F|title:Les%20Anciens%20Pointe-Claire|target:_blank&#8221; image_id=&#8221;1028&#8243; titleclr=&#8221;#000000&#8243;][\/tm_carousel_son][tm_carousel_son titlesize=&#8221;16&#8243; line_height=&#8221;1.7&#8243; contain_url=&#8221;url:https%3A%2F%2Fwww.ibcpc.com%2F|target:_blank&#8221; image_id=&#8221;308&#8243; titleclr=&#8221;#000000&#8243;][\/tm_carousel_son][\/tm_carousel_father][\/vc_column][\/vc_row][\/vc_section][vc_section full_width=&#8221;stretch_row&#8221; css=&#8221;.vc_custom_1718589388155{padding-top: 30px !important;padding-bottom: 30px !important;}&#8221;][vc_row css=&#8221;.vc_custom_1718904262774{padding-bottom: 35px !important;}&#8221; el_id=&#8221;offres-de-dons&#8221;][vc_column][vc_custom_heading text=&#8221;Offres de dons&#8221; font_container=&#8221;tag:h1|text_align:center|color:%23fa255e&#8221; google_fonts=&#8221;font_family:Lora%3Aregular%2Citalic%2C700%2C700italic|font_style:700%20bold%20regular%3A700%3Anormal&#8221; css=&#8221;&#8221;][vc_separator border_width=&#8221;2&#8243; css=&#8221;&#8221;][\/vc_column][\/vc_row][vc_row css=&#8221;.vc_custom_1718819534533{padding-bottom: 35px !important;}&#8221;][vc_column width=&#8221;2\/3&#8243;][vc_custom_heading text=&#8221;Pourquoi faire un don aux Dragons de l&#8217;Ouest de l&#8217;\u00cele ?&#8221; font_container=&#8221;tag:h4|text_align:left&#8221; google_fonts=&#8221;font_family:Roboto%3A100%2C100italic%2C300%2C300italic%2Cregular%2Citalic%2C500%2C500italic%2C700%2C700italic%2C900%2C900italic|font_style:500%20bold%20regular%3A500%3Anormal&#8221; css=&#8221;&#8221;][vc_column_text css=&#8221;&#8221;]Les Dragons de l&#8217;Ouest-de-l&#8217;\u00cele sont une organisation \u00e0 <a href=\"#sans-but-lucratif\">but non lucratif<\/a> qui compte sur la g\u00e9n\u00e9rosit\u00e9 de ses partenaires et donateurs pour offrir aux survivantes et aux battantes un moyen inclusif de se remettre d&#8217;un cancer du sein. Vous pouvez faire un don mon\u00e9taire en cliquant sur l&#8217;un des liens ci-dessous.<\/p>\n<p>Votre don, quel qu&#8217;en soit le montant, va directement \u00e0 l&#8217;\u00e9quipe. Si vous souhaitez en savoir plus sur l&#8217;impact de votre don sur l&#8217;\u00e9quipe, cliquez sur le bouton Faire un don.[\/vc_column_text][\/vc_column][vc_column width=&#8221;1\/3&#8243;][vc_single_image image=&#8221;483&#8243; alignment=&#8221;center&#8221; css=&#8221;&#8221;][\/vc_column][\/vc_row][vc_row full_width=&#8221;stretch_row_content&#8221; gap=&#8221;25&#8243; equal_height=&#8221;yes&#8221; parallax=&#8221;content-moving&#8221; css=&#8221;.vc_custom_1718819540974{padding-right: 20px !important;padding-bottom: 35px !important;padding-left: 20px !important;}&#8221;][vc_column width=&#8221;1\/3&#8243; css=&#8221;.vc_custom_1718733627223{background-color: #f1ced4 !important;border-radius: 10px !important;}&#8221;][mvc_infobox line_height=&#8221;1.7&#8243; title_color=&#8221;#000000&#8243; image_id=&#8221;65&#8243; image_size=&#8221;50&#8243; info_title=&#8221;Offre individuelle&#8221; title_size=&#8221;20&#8243; css=&#8221;.vc_custom_1718733197710{padding-bottom: 35px !important;}&#8221;]<\/p>\n<p style=\"text-align: center;\">Vous pouvez faire don des WID de plusieurs fa\u00e7ons.\u00a0Vous pouvez :<\/p>\n<p style=\"text-align: center;\">\u2022 Faire un <strong>don unique<\/strong> pour soutenir les pagayeurs actifs.<br \/>\n\u2022 Faire un don <strong>\u00e0 la m\u00e9moire<\/strong> de quelqu&#8217;un.<\/p>\n<p>[\/mvc_infobox][vc_btn title=&#8221;DONNEZ GENEREUSEMENT&#8221; color=&#8221;juicy-pink&#8221; align=&#8221;center&#8221; i_icon_fontawesome=&#8221;fas fa-heart&#8221; css=&#8221;.vc_custom_1718909464154{margin-top: 0px !important;margin-bottom: 0px !important;padding-top: 5px !important;padding-right: 24px !important;padding-bottom: 11px !important;padding-left: 24px !important;}&#8221; button_block=&#8221;true&#8221; add_icon=&#8221;true&#8221; link=&#8221;url:https%3A%2F%2Fwww.zeffy.com%2Fdonation-form%2F90e05e51-056c-4108-b002-724803b8606c|title:Donnez|target:_blank&#8221;][\/vc_column][vc_column width=&#8221;1\/3&#8243; css=&#8221;.vc_custom_1729449813367{margin-right: 8px !important;margin-left: 8px !important;padding-top: 0px !important;padding-right: 0px !important;padding-left: 0px !important;background-image: url(https:\/\/westislanddragons.ca\/fr\/wp-content\/uploads\/2024\/10\/LachineKO_3_min.jpg?id=1004) !important;border-radius: 10px !important;border-color: #FFFFFF !important;}&#8221;][vc_custom_heading text=&#8221;Devenez un donateur mensuel&#8221; font_container=&#8221;tag:h2|text_align:center|color:%23ffffff&#8221; google_fonts=&#8221;font_family:Lora%3Aregular%2Citalic%2C700%2C700italic|font_style:700%20bold%20regular%3A700%3Anormal&#8221; css=&#8221;.vc_custom_1718734153999{padding-top: 25px !important;}&#8221;][vc_empty_space height=&#8221;254px&#8221;][vc_btn title=&#8221;DONNEZ GENEREUSEMENT&#8221; color=&#8221;juicy-pink&#8221; align=&#8221;center&#8221; i_icon_fontawesome=&#8221;fas fa-heart&#8221; css=&#8221;.vc_custom_1718909477055{margin-top: 0px !important;margin-bottom: 0px !important;padding-top: 0px !important;padding-right: 24px !important;padding-bottom: 11px !important;padding-left: 24px !important;}&#8221; button_block=&#8221;true&#8221; add_icon=&#8221;true&#8221; link=&#8221;url:https%3A%2F%2Fwww.zeffy.com%2Fdonation-form%2F90e05e51-056c-4108-b002-724803b8606c|title:Donnez|target:_blank&#8221;][\/vc_column][vc_column width=&#8221;1\/3&#8243; css=&#8221;.vc_custom_1718733638361{background-color: #f1ced4 !important;border-radius: 10px !important;}&#8221;][mvc_infobox line_height=&#8221;1.7&#8243; title_color=&#8221;#000000&#8243; image_id=&#8221;65&#8243; image_size=&#8221;50&#8243; info_title=&#8221;Laisser un h\u00e9ritage&#8221; title_size=&#8221;20&#8243;]<\/p>\n<p style=\"text-align: center;\">Beaucoup de nos donateurs font un don par testament.<\/p>\n<p style=\"text-align: center;\">Si vous souhaitez inclure le dans votre testament, vous pouvez utiliser notre nom officiel, notre adresse et notre num\u00e9ro d&#8217;entreprise du Qu\u00e9bec (QEN). Contactez-nous pour plus de d\u00e9tails.<\/p>\n<p>[\/mvc_infobox][vc_btn title=&#8221;DONNEZ GENEREUSEMENT&#8221; color=&#8221;juicy-pink&#8221; align=&#8221;center&#8221; i_icon_fontawesome=&#8221;fas fa-heart&#8221; css=&#8221;.vc_custom_1718909485459{margin-top: 0px !important;margin-bottom: 0px !important;padding-top: 0px !important;padding-right: 24px !important;padding-bottom: 11px !important;padding-left: 24px !important;}&#8221; button_block=&#8221;true&#8221; add_icon=&#8221;true&#8221; link=&#8221;url:https%3A%2F%2Fwww.zeffy.com%2Fdonation-form%2F90e05e51-056c-4108-b002-724803b8606c|title:Donnez|target:_blank&#8221;][\/vc_column][\/vc_row][\/vc_section][vc_row full_width=&#8221;stretch_row_content&#8221; content_placement=&#8221;middle&#8221;][vc_column][vc_column_text css=&#8221;.vc_custom_1718733054180{margin-bottom: 0px !important;}&#8221;]<\/p>\n<p style=\"text-align: center;\">Si vous souhaitez discuter de votre don avec nous, nous serons ravis de vous entendre. Nous acceptons \u00e9galement les ch\u00e8ques. Si vous souhaitez nous envoyer un ch\u00e8que, contactez-nous pour obtenir l&#8217;adresse de l&#8217;\u00e9quipe.<\/p>\n<p>[\/vc_column_text][\/vc_column][\/vc_row][vc_row content_placement=&#8221;middle&#8221; el_id=&#8221;sans-but-lucratif&#8221; css=&#8221;.vc_custom_1718733105814{padding-top: 35px !important;}&#8221;][vc_column][vc_message css=&#8221;&#8221;]Nous fonctionnons pour le plaisir, le sport et les loisirs, sans but lucratif. Malheureusement, nous ne sommes pas en mesure de d\u00e9livrer des re\u00e7us officiels de dons \u00e0 des fins fiscales.[\/vc_message][\/vc_column][\/vc_row]<\/p>\n<\/div>","protected":false},"excerpt":{"rendered":"<p>[vc_section][vc_row css=&#8221;.vc_custom_1718904326349{padding-top: 45px !important;padding-bottom: 30px !important;}&#8221; el_id=&#8221;nos-partenaires&#8221;][vc_column][vc_custom_heading text=&#8221;Nos partenaires&#8221; font_container=&#8221;tag:h1|text_align:center|color:%23fa255e&#8221; google_fonts=&#8221;font_family:Lora%3Aregular%2Citalic%2C700%2C700italic|font_style:700%20bold%20regular%3A700%3Anormal&#8221; css=&#8221;.vc_custom_1718566580367{padding-bottom: 35px !important;}&#8221;][\/vc_column][\/vc_row][vc_row gap=&#8221;35&#8243; css=&#8221;.vc_custom_1718726541035{padding-right: 15px !important;padding-left: 15px !important;background-color: #f1ced4 !important;}&#8221;][vc_column width=&#8221;2\/3&#8243; css=&#8221;.vc_custom_1718726558799{margin-top: 35px &#8230; <a title=\"Partenariats\" class=\"read-more\" href=\"https:\/\/westislanddragons.ca\/fr\/dons-et-partenariats\/\" aria-label=\"Read more about Partenariats\"> <\/a><\/p>\n","protected":false},"author":2,"featured_media":0,"parent":0,"menu_order":3,"comment_status":"closed","ping_status":"closed","template":"","meta":{"inline_featured_image":false,"footnotes":""},"class_list":["post-469","page","type-page","status-publish"],"_links":{"self":[{"href":"https:\/\/westislanddragons.ca\/fr\/wp-json\/wp\/v2\/pages\/469","targetHints":{"allow":["GET"]}}],"collection":[{"href":"https:\/\/westislanddragons.ca\/fr\/wp-json\/wp\/v2\/pages"}],"about":[{"href":"https:\/\/westislanddragons.ca\/fr\/wp-json\/wp\/v2\/types\/page"}],"author":[{"embeddable":true,"href":"https:\/\/westislanddragons.ca\/fr\/wp-json\/wp\/v2\/users\/2"}],"replies":[{"embeddable":true,"href":"https:\/\/westislanddragons.ca\/fr\/wp-json\/wp\/v2\/comments?post=469"}],"version-history":[{"count":154,"href":"https:\/\/westislanddragons.ca\/fr\/wp-json\/wp\/v2\/pages\/469\/revisions"}],"predecessor-version":[{"id":1104,"href":"https:\/\/westislanddragons.ca\/fr\/wp-json\/wp\/v2\/pages\/469\/revisions\/1104"}],"wp:attachment":[{"href":"https:\/\/westislanddragons.ca\/fr\/wp-json\/wp\/v2\/media?parent=469"}],"curies":[{"name":"wp","href":"https:\/\/api.w.org\/{rel}","templated":true}]}}