{"id":611,"date":"2024-06-19T16:47:50","date_gmt":"2024-06-19T20:47:50","guid":{"rendered":"https:\/\/westislanddragons.ca\/fr\/?page_id=611"},"modified":"2026-02-24T13:28:21","modified_gmt":"2026-02-24T18:28:21","slug":"galerie-photos","status":"publish","type":"page","link":"https:\/\/westislanddragons.ca\/fr\/galerie-photos\/","title":{"rendered":"Galerie photos"},"content":{"rendered":"<div class=\"wpb-content-wrapper\"><p>[vc_section][vc_row][vc_column][vc_custom_heading text=&#8221;Galerie photos&#8221; font_container=&#8221;tag:h1|text_align:center|color:%23fa255e&#8221; google_fonts=&#8221;font_family:Lora%3Aregular%2Citalic%2C700%2C700italic|font_style:700%20bold%20regular%3A700%3Anormal&#8221; css=&#8221;.vc_custom_1718803129339{padding-bottom: 30px !important;}&#8221;][vc_custom_heading text=&#8221;Des moments de bonheur captur\u00e9s au fil des ans&#8221; font_container=&#8221;tag:h4|text_align:center|color:%23000000&#8243; google_fonts=&#8221;font_family:Lora%3Aregular%2Citalic%2C700%2C700italic|font_style:700%20bold%20regular%3A700%3Anormal&#8221; css=&#8221;&#8221;][\/vc_column][\/vc_row][vc_row gap=&#8221;20&#8243; css=&#8221;.vc_custom_1718803473095{padding-right: 20px !important;padding-left: 20px !important;background-color: #f1ced4 !important;border-radius: 10px !important;}&#8221;][vc_column][vc_single_image image=&#8221;615&#8243; img_size=&#8221;large&#8221; add_caption=&#8221;yes&#8221; alignment=&#8221;center&#8221; css=&#8221;.vc_custom_1718803522192{padding-top: 30px !important;padding-bottom: 30px !important;background-color: #ffffff !important;border-radius: 10px !important;}&#8221;][\/vc_column][\/vc_row][vc_row][vc_column width=&#8221;1\/4&#8243;][vc_separator css=&#8221;&#8221;][vc_custom_heading text=&#8221;Archives photos&#8221; font_container=&#8221;tag:h1|text_align:left|color:%23fa255e&#8221; google_fonts=&#8221;font_family:Lora%3Aregular%2Citalic%2C700%2C700italic|font_style:700%20bold%20regular%3A700%3Anormal&#8221; css=&#8221;&#8221;][\/vc_column][vc_column width=&#8221;3\/4&#8243;][accordion_father theme=&#8221;accordion_theme_6&#8243; titlemargin=&#8221;5&#8243; themebg=&#8221;#f90089&#8243;][accordion_son title_padding=&#8221;6&#8243; size=&#8221;20&#8243; title=&#8221;Courses&#8221; clr=&#8221;#444444&#8243; bgclr=&#8221;#f1ced4&#8243;]Nous passons une grande partie de l&#8217;\u00e9t\u00e9 ensemble sur l&#8217;eau, \u00e0 participer \u00e0 des courses contre d&#8217;autres \u00e9quipes compos\u00e9es de survivantes du cancer du sein et de membres de la communaut\u00e9. Nous explorons ces exp\u00e9riences de camaraderie avec enthousiasme !<\/p>\n<ul>\n<li><a href=\"https:\/\/www.facebook.com\/media\/set\/?set=a.1285176446738284&amp;type=3\">Quebec Cup, Sept 13-14, 2025<\/a><\/li>\n<li><a href=\"https:\/\/www.facebook.com\/media\/set\/?set=a.1283913953531200&amp;type=3\">Cedars CANSupport, Sept 6, 2025<\/a><\/li>\n<li><a href=\"https:\/\/www.facebook.com\/media\/set\/?set=a.1260765022512760&amp;type=3\">Corwall Waterfest, Aug 9, 2025<\/a><\/li>\n<li><a href=\"https:\/\/www.facebook.com\/media\/set\/?set=a.1230170295572233&amp;type=3\">PACCC, July 4-6, 2025<\/a><\/li>\n<li><a href=\"https:\/\/www.facebook.com\/media\/set\/?set=a.1216106843645245&amp;type=3\">Lachine Knockout, June 14, 2025<\/a><\/li>\n<li><a href=\"https:\/\/www.facebook.com\/media\/set\/?set=a.1205483421374254&amp;type=3\">H2O Open, May 31, 2025<\/a><\/li>\n<li><a href=\"https:\/\/www.facebook.com\/media\/set\/?set=a.1018149930107605&amp;type=3\">Quebec Cup, September 21-22, 2024<\/a><\/li>\n<li><a href=\"https:\/\/www.facebook.com\/media\/set\/?set=a.950208423568423&amp;type=3\">Lachine Knock Out, June 8, 2024<\/a><\/li>\n<li>Cedars CanSupport, September 9, 2023<\/li>\n<li><a href=\"https:\/\/www.facebook.com\/media\/set\/?set=a.744503967472204&amp;type=3\">Lachine Knock Out, June 10, 2023<\/a><\/li>\n<li>H20 Open, May 27, 2023<\/li>\n<li>Ottawa Ice Festival (canceled), February 4, 2023<\/li>\n<li>Cedars CanSupport, September 10, 2022<\/li>\n<li>Quebec Cup, September 17, 2022<\/li>\n<li>Cornwall Waterfest, August 13, 2022<\/li>\n<\/ul>\n<p>[\/accordion_son][accordion_son title_padding=&#8221;6&#8243; size=&#8221;20&#8243; title=&#8221;Lev\u00e9es de fonds&#8221; clr=&#8221;#444444&#8243; bgclr=&#8221;#f1ced4&#8243;]Organis\u00e9s et anim\u00e9s par les membres de l&#8217;\u00e9quipe, nous nous effor\u00e7ons continuellement de cr\u00e9er des moyens int\u00e9ressants d&#8217;\u00e9changer des exp\u00e9riences amusantes et de collecter des fonds tout en sensibilisant le public \u00e0 notre cause.<\/p>\n<ul>\n<li><a href=\"https:\/\/www.facebook.com\/media\/set\/?set=a.1415860823669845&amp;type=3\">Bowling Fundraiser, February 14, 2026<\/a><\/li>\n<li><a href=\"https:\/\/www.facebook.com\/media\/set\/?set=a.1123967456192518&amp;type=3\">Bowling Fundraiser, February 15, 2025<\/a><\/li>\n<li><a href=\"https:\/\/www.facebook.com\/media\/set\/?set=a.1284688046787124&amp;type=3\">FUNdraiser, Sept 7, 2025<\/a><\/li>\n<li><a href=\"https:\/\/www.facebook.com\/media\/set\/?set=a.1273361424586453&amp;type=3\">FUNdraiser, Aug 24, 2025<\/a><\/li>\n<li><a href=\"https:\/\/www.facebook.com\/media\/set\/?set=a.980626913859907&amp;type=3\">FUNdraiser, July 27, 2024<\/a><\/li>\n<li><a href=\"https:\/\/www.facebook.com\/media\/set\/?set=a.954573126465286&amp;type=3\">FUNdraiser, June 15, 2024<\/a><\/li>\n<li><a href=\"https:\/\/www.facebook.com\/media\/set\/?set=a.782342630355004&amp;type=3\">FUNdraiser, August 19, 2023<\/a><\/li>\n<li><a href=\"https:\/\/www.facebook.com\/media\/set\/?set=a.1327044715884790&amp;type=3\">5th Annual Breast Cancer Awareness and Vendor Event, October 25, 2025<\/a><\/li>\n<li><a href=\"https:\/\/www.facebook.com\/media\/set\/?set=a.1040498504539414&amp;type=3\">4th Annual Breast Cancer Awareness and Vendor Event, October 19, 2024<\/a><\/li>\n<li>3rd Annual Breast Cancer Awareness and Vendor Event, October<\/li>\n<li>2nd Annual Breast Cancer Awareness and Vendor Event, October<\/li>\n<li>1st Annual Breast Cancer Awareness and Vendor Event, October<\/li>\n<\/ul>\n<p>[\/accordion_son][accordion_son title_padding=&#8221;6&#8243; size=&#8221;20&#8243; title=&#8221;Bootcamps&#8221; clr=&#8221;#444444&#8243; bgclr=&#8221;#f1ced4&#8243;]Avec des MEILLEURS entra\u00eeneurs de Montr\u00e9al, c&#8217;est une fa\u00e7on vraiment sympa de passer son samedi ! L&#8217;accent est mis sur la technique, la force et la puissance explosive !<\/p>\n<ul>\n<li>Bootcamp avec Patrick, May 25, 2024<\/li>\n<li>Bootcamp avec Patrick, July 8, 2023<\/li>\n<li>Bootcamp avec Melissa, July 30, 2022<\/li>\n<li>Bootcamp avec Magda, July 16, 2022<\/li>\n<\/ul>\n<p>[\/accordion_son][accordion_son title_padding=&#8221;6&#8243; size=&#8221;20&#8243; title=&#8221;Causes communautaires&#8221; clr=&#8221;#444444&#8243; bgclr=&#8221;#f1ced4&#8243;]Nous nous int\u00e9ressons particuli\u00e8rement aux opportunit\u00e9s de b\u00e9n\u00e9volat au sein de la communaut\u00e9. Nous avons un d\u00e9sir profond de participer b\u00e9n\u00e9volement \u00e0 des \u00e9v\u00e9nements qui encouragent un mode de vie actif et sain.<\/p>\n<ul>\n<li>On Rock Gift Day, Dec 13, 2025<\/li>\n<li><a href=\"https:\/\/www.facebook.com\/media\/set\/?set=a.1308606654395263&amp;type=3\">CIBC Run for the Cure, Oct. 5, 2025<\/a><\/li>\n<li><a href=\"https:\/\/www.facebook.com\/media\/set\/?set=a.967605161828749&amp;type=3\">The PINK Charity Softball Tournament, July 5-7, 2024<\/a><\/li>\n<li>Teresa Dellar Palliative Care, volunteer event, September 23, 2023<\/li>\n<li>Bowling with TwoAbreast, April 22, 2023<\/li>\n<li>Teresa Dellar Palliative Care, volunteer event, September 24, 2022<\/li>\n<\/ul>\n<p>[\/accordion_son][accordion_son title_padding=&#8221;6&#8243; size=&#8221;20&#8243; title=&#8221;Internationaux&#8221; clr=&#8221;#444444&#8243; bgclr=&#8221;#f1ced4&#8243;]Nous avons particip\u00e9 \u00e0 plusieurs \u00e9v\u00e9nements \u00e0 l&#8217;\u00e9tranger. La prochaine grande aventure aura lieu sur les rives du lac du Bourget, \u00e0 Aix-les-Bains, \u00e0 l&#8217;occasion du Festival participatif de bateaux-dragons de l&#8217;IBCPC 2026 !<\/p>\n<ul>\n<li>Ireland Regatta with the Donegal Dragons, July 29, 2023<\/li>\n<\/ul>\n<p>[\/accordion_son][accordion_son title_padding=&#8221;6&#8243; size=&#8221;20&#8243; title=&#8221;R\u00e9union d&#8217;\u00e9quipe&#8221; clr=&#8221;#444444&#8243; bgclr=&#8221;#f1ced4&#8243;]<\/p>\n<ul>\n<li>Annual General Meeting, Feb 24, 2026<\/li>\n<li><a href=\"https:\/\/www.facebook.com\/media\/set\/?set=a.1386838976572030&amp;type=3\">2025&#8217;s Holiday Party, Jan 10, 2026<\/a><\/li>\n<li>End of summer training celebration, 2025<\/li>\n<li><a href=\"https:\/\/www.facebook.com\/media\/set\/?set=a.1100463531876244&amp;type=3\">2024&#8217;s 80\u2019s Themed Holiday Party, Jan 11, 2025<\/a><\/li>\n<li>End of summer training celebration, 2024<\/li>\n<li>Annual General Meeting, March 16, 2023<\/li>\n<li>WID Christmas Potluck, December 10, 2022<\/li>\n<li>End of summer training celebration, September 29, 2022<\/li>\n<\/ul>\n<p>[\/accordion_son][accordion_son title_padding=&#8221;6&#8243; size=&#8221;20&#8243; title=&#8221;\u00c9v\u00e9nements speciaux&#8221; clr=&#8221;#444444&#8243; bgclr=&#8221;#f1ced4&#8243;]Notre \u00e9quipe a franchi une \u00e9tape importante en 2023 en c\u00e9l\u00e9brant ses vingt ans d&#8217;existence en tant qu&#8217;organisation g\u00e9r\u00e9e par des b\u00e9n\u00e9voles ! Les membres, anciens et actuels, se sont joints \u00e0 la c\u00e9l\u00e9bration de cet accomplissement.<\/p>\n<ul>\n<li><a href=\"https:\/\/www.facebook.com\/media\/set\/?set=a.720205563235378&amp;type=3\">WID 20th Anniversary Gala, April 29, 2023<\/a><\/li>\n<\/ul>\n<p>[\/accordion_son][\/accordion_father][\/vc_column][\/vc_row][\/vc_section]<\/p>\n<\/div>","protected":false},"excerpt":{"rendered":"<p>[vc_section][vc_row][vc_column][vc_custom_heading text=&#8221;Galerie photos&#8221; font_container=&#8221;tag:h1|text_align:center|color:%23fa255e&#8221; google_fonts=&#8221;font_family:Lora%3Aregular%2Citalic%2C700%2C700italic|font_style:700%20bold%20regular%3A700%3Anormal&#8221; css=&#8221;.vc_custom_1718803129339{padding-bottom: 30px !important;}&#8221;][vc_custom_heading text=&#8221;Des moments de bonheur captur\u00e9s au fil des ans&#8221; font_container=&#8221;tag:h4|text_align:center|color:%23000000&#8243; google_fonts=&#8221;font_family:Lora%3Aregular%2Citalic%2C700%2C700italic|font_style:700%20bold%20regular%3A700%3Anormal&#8221; css=&#8221;&#8221;][\/vc_column][\/vc_row][vc_row gap=&#8221;20&#8243; css=&#8221;.vc_custom_1718803473095{padding-right: 20px !important;padding-left: 20px &#8230; <a title=\"Galerie photos\" class=\"read-more\" href=\"https:\/\/westislanddragons.ca\/fr\/galerie-photos\/\" aria-label=\"Read more about Galerie photos\"> <\/a><\/p>\n","protected":false},"author":2,"featured_media":0,"parent":0,"menu_order":5,"comment_status":"closed","ping_status":"closed","template":"","meta":{"inline_featured_image":false,"footnotes":""},"class_list":["post-611","page","type-page","status-publish"],"_links":{"self":[{"href":"https:\/\/westislanddragons.ca\/fr\/wp-json\/wp\/v2\/pages\/611","targetHints":{"allow":["GET"]}}],"collection":[{"href":"https:\/\/westislanddragons.ca\/fr\/wp-json\/wp\/v2\/pages"}],"about":[{"href":"https:\/\/westislanddragons.ca\/fr\/wp-json\/wp\/v2\/types\/page"}],"author":[{"embeddable":true,"href":"https:\/\/westislanddragons.ca\/fr\/wp-json\/wp\/v2\/users\/2"}],"replies":[{"embeddable":true,"href":"https:\/\/westislanddragons.ca\/fr\/wp-json\/wp\/v2\/comments?post=611"}],"version-history":[{"count":37,"href":"https:\/\/westislanddragons.ca\/fr\/wp-json\/wp\/v2\/pages\/611\/revisions"}],"predecessor-version":[{"id":1114,"href":"https:\/\/westislanddragons.ca\/fr\/wp-json\/wp\/v2\/pages\/611\/revisions\/1114"}],"wp:attachment":[{"href":"https:\/\/westislanddragons.ca\/fr\/wp-json\/wp\/v2\/media?parent=611"}],"curies":[{"name":"wp","href":"https:\/\/api.w.org\/{rel}","templated":true}]}}